{"id":592,"date":"2011-12-01T17:24:40","date_gmt":"2011-12-01T16:24:40","guid":{"rendered":"http:\/\/jahrdesbieres.de\/?page_id=592"},"modified":"2011-12-08T11:44:02","modified_gmt":"2011-12-08T10:44:02","slug":"advent-biere","status":"publish","type":"page","link":"https:\/\/www.jahrdesbieres.de\/?page_id=592","title":{"rendered":"Advent-Biere"},"content":{"rendered":"<p>Advent, die Zeit die das warten auf Weihnachten beschreibt und der Kalender der die Zeit verk\u00fcrzen soll. F\u00fcr uns eine gute Zeit 24 Biersorten zu testen. Dabei Schreiben wir au\u00dfer der Sorte auch den Tag an dem wir das Bier getrunken haben in der Form Tag &#8211; <a title=\"Aufschl\u00fcsselung f\u00fcr \u03a9\" href=\"http:\/\/jahrdesbieres.de\/?page_id=346\">Wertung nach \u03a9-DZ<\/a>.<\/p>\n<table style=\"width: 640px; height: 927px;\" border=\"0\">\n<tbody>\n<tr>\n<td><strong>Biersorte<\/strong><\/td>\n<td><strong>Andre<\/strong><\/td>\n<td><strong>Oli<\/strong><\/td>\n<\/tr>\n<tr>\n<td>Binding Export<\/td>\n<td>\u00a01 &#8211; 5<\/td>\n<td><\/td>\n<\/tr>\n<tr>\n<td>Paulaner Hefe-Wei\u00dfbier naturtr\u00fcb<\/td>\n<td><\/td>\n<td>1 &#8211; 6<\/td>\n<\/tr>\n<tr>\n<td>L\u00fcbzer Pilsner<\/td>\n<td><\/td>\n<td>4 &#8211; 5<\/td>\n<\/tr>\n<tr>\n<td><\/td>\n<td><\/td>\n<td><\/td>\n<\/tr>\n<tr>\n<td><\/td>\n<td><\/td>\n<td><\/td>\n<\/tr>\n<tr>\n<td><\/td>\n<td><\/td>\n<td><\/td>\n<\/tr>\n<tr>\n<td><\/td>\n<td><\/td>\n<td><\/td>\n<\/tr>\n<tr>\n<td><\/td>\n<td><\/td>\n<td><\/td>\n<\/tr>\n<tr>\n<td><\/td>\n<td><\/td>\n<td><\/td>\n<\/tr>\n<tr>\n<td><\/td>\n<td><\/td>\n<td><\/td>\n<\/tr>\n<tr>\n<td><\/td>\n<td><\/td>\n<td><\/td>\n<\/tr>\n<tr>\n<td><\/td>\n<td><\/td>\n<td><\/td>\n<\/tr>\n<tr>\n<td><\/td>\n<td><\/td>\n<td><\/td>\n<\/tr>\n<tr>\n<td><\/td>\n<td><\/td>\n<td><\/td>\n<\/tr>\n<tr>\n<td><\/td>\n<td><\/td>\n<td><\/td>\n<\/tr>\n<tr>\n<td><\/td>\n<td><\/td>\n<td><\/td>\n<\/tr>\n<tr>\n<td><\/td>\n<td><\/td>\n<td><\/td>\n<\/tr>\n<tr>\n<td><\/td>\n<td><\/td>\n<td><\/td>\n<\/tr>\n<tr>\n<td><\/td>\n<td><\/td>\n<td><\/td>\n<\/tr>\n<tr>\n<td><\/td>\n<td><\/td>\n<td><\/td>\n<\/tr>\n<tr>\n<td><\/td>\n<td><\/td>\n<td><\/td>\n<\/tr>\n<tr>\n<td><\/td>\n<td><\/td>\n<td><\/td>\n<\/tr>\n<tr>\n<td><\/td>\n<td><\/td>\n<td><\/td>\n<\/tr>\n<tr>\n<td><\/td>\n<td><\/td>\n<td><\/td>\n<\/tr>\n<\/tbody>\n<\/table>\n<p>\u00dcber die 24 Adventstage werden wir hier nach und nach das Bier auff\u00fcllen.<\/p>\n","protected":false},"excerpt":{"rendered":"<p>Advent, die Zeit die das warten auf Weihnachten beschreibt und der Kalender der die Zeit verk\u00fcrzen soll. F\u00fcr uns eine gute Zeit 24 Biersorten zu testen. Dabei Schreiben wir au\u00dfer der Sorte auch den Tag an dem wir das Bier &hellip; <a href=\"https:\/\/www.jahrdesbieres.de\/?page_id=592\">Weiterlesen <span class=\"meta-nav\">&rarr;<\/span><\/a><\/p>\n","protected":false},"author":2,"featured_media":0,"parent":131,"menu_order":4,"comment_status":"open","ping_status":"open","template":"","meta":{"footnotes":""},"class_list":["post-592","page","type-page","status-publish","hentry"],"_links":{"self":[{"href":"https:\/\/www.jahrdesbieres.de\/index.php?rest_route=\/wp\/v2\/pages\/592","targetHints":{"allow":["GET"]}}],"collection":[{"href":"https:\/\/www.jahrdesbieres.de\/index.php?rest_route=\/wp\/v2\/pages"}],"about":[{"href":"https:\/\/www.jahrdesbieres.de\/index.php?rest_route=\/wp\/v2\/types\/page"}],"author":[{"embeddable":true,"href":"https:\/\/www.jahrdesbieres.de\/index.php?rest_route=\/wp\/v2\/users\/2"}],"replies":[{"embeddable":true,"href":"https:\/\/www.jahrdesbieres.de\/index.php?rest_route=%2Fwp%2Fv2%2Fcomments&post=592"}],"version-history":[{"count":8,"href":"https:\/\/www.jahrdesbieres.de\/index.php?rest_route=\/wp\/v2\/pages\/592\/revisions"}],"predecessor-version":[{"id":605,"href":"https:\/\/www.jahrdesbieres.de\/index.php?rest_route=\/wp\/v2\/pages\/592\/revisions\/605"}],"up":[{"embeddable":true,"href":"https:\/\/www.jahrdesbieres.de\/index.php?rest_route=\/wp\/v2\/pages\/131"}],"wp:attachment":[{"href":"https:\/\/www.jahrdesbieres.de\/index.php?rest_route=%2Fwp%2Fv2%2Fmedia&parent=592"}],"curies":[{"name":"wp","href":"https:\/\/api.w.org\/{rel}","templated":true}]}}