{"id":552,"date":"2011-11-22T17:49:08","date_gmt":"2011-11-22T16:49:08","guid":{"rendered":"http:\/\/jahrdesbieres.de\/?page_id=552"},"modified":"2012-07-12T16:48:12","modified_gmt":"2012-07-12T14:48:12","slug":"ubersicht-uber-die-patenschaftsbiere","status":"publish","type":"page","link":"https:\/\/www.jahrdesbieres.de\/?page_id=552","title":{"rendered":"Alle Bierpaten auf einen Blick"},"content":{"rendered":"<p>Folgende Tabelle enth\u00e4lt alle Nachweise \u00fcber Patenschaften:<\/p>\n<ul>\n<li><a title=\"Woche 12 \u2013 The Legendary Duff (Bierpate: Sven)\" href=\"http:\/\/jahrdesbieres.de\/?p=296\">The legendary Duff<\/a> mit Pate Sven<\/li>\n<li><a title=\"Woche 28 \u2013 Budweiser Budvar (Bierpate Fabian \u201czwaq\u201d B.)\" href=\"http:\/\/jahrdesbieres.de\/?p=526\">Budweiser Budvar<\/a> mit Pate Fabian &#8222;zwaq&#8220; B.<\/li>\n<li><a title=\"Woche 32 \u2013 Hofbr\u00e4u M\u00fcnchen (Bierpate Mark D.)\" href=\"http:\/\/jahrdesbieres.de\/?p=643\">Hofbr\u00e4u M\u00fcnchen<\/a> mit Pate Mark D.<\/li>\n<\/ul>\n","protected":false},"excerpt":{"rendered":"<p>Folgende Tabelle enth\u00e4lt alle Nachweise \u00fcber Patenschaften: The legendary Duff mit Pate Sven Budweiser Budvar mit Pate Fabian &#8222;zwaq&#8220; B. Hofbr\u00e4u M\u00fcnchen mit Pate Mark D.<\/p>\n","protected":false},"author":2,"featured_media":0,"parent":138,"menu_order":0,"comment_status":"open","ping_status":"open","template":"","meta":{"footnotes":""},"class_list":["post-552","page","type-page","status-publish","hentry"],"_links":{"self":[{"href":"https:\/\/www.jahrdesbieres.de\/index.php?rest_route=\/wp\/v2\/pages\/552","targetHints":{"allow":["GET"]}}],"collection":[{"href":"https:\/\/www.jahrdesbieres.de\/index.php?rest_route=\/wp\/v2\/pages"}],"about":[{"href":"https:\/\/www.jahrdesbieres.de\/index.php?rest_route=\/wp\/v2\/types\/page"}],"author":[{"embeddable":true,"href":"https:\/\/www.jahrdesbieres.de\/index.php?rest_route=\/wp\/v2\/users\/2"}],"replies":[{"embeddable":true,"href":"https:\/\/www.jahrdesbieres.de\/index.php?rest_route=%2Fwp%2Fv2%2Fcomments&post=552"}],"version-history":[{"count":3,"href":"https:\/\/www.jahrdesbieres.de\/index.php?rest_route=\/wp\/v2\/pages\/552\/revisions"}],"predecessor-version":[{"id":688,"href":"https:\/\/www.jahrdesbieres.de\/index.php?rest_route=\/wp\/v2\/pages\/552\/revisions\/688"}],"up":[{"embeddable":true,"href":"https:\/\/www.jahrdesbieres.de\/index.php?rest_route=\/wp\/v2\/pages\/138"}],"wp:attachment":[{"href":"https:\/\/www.jahrdesbieres.de\/index.php?rest_route=%2Fwp%2Fv2%2Fmedia&parent=552"}],"curies":[{"name":"wp","href":"https:\/\/api.w.org\/{rel}","templated":true}]}}