{"id":38,"date":"2011-05-06T00:34:10","date_gmt":"2011-05-06T00:34:10","guid":{"rendered":"http:\/\/jahrdesbieres.de\/?page_id=38"},"modified":"2012-02-15T19:37:20","modified_gmt":"2012-02-15T18:37:20","slug":"das-jahr-des-bieres","status":"publish","type":"page","link":"https:\/\/www.jahrdesbieres.de\/?page_id=38","title":{"rendered":"Das Jahr des Bieres"},"content":{"rendered":"<p>Eines Abends als wir gem\u00fctlich unseren Feierabend-Umtrunk zu uns nahmen begegnete uns ein guter Freund. Er er\u00f6ffnete uns folgendes:<\/p>\n<blockquote><p>Hey, wollt ihr eine Kiefer oder Rotbuche?<\/p><\/blockquote>\n<p>V\u00f6llig \u00fcberrschascht fragten wir uns nach dem Grund. Und er entgegnete.<\/p>\n<blockquote><p>Ich war heute B\u00e4ume verschenken und ich hab noch welche dabei. Wenn ihr wollt k\u00f6nnt ihr die haben.<\/p><\/blockquote>\n<p>Wir wunderten uns ein wenig \u00fcber diese Aussage, doch ehe wir weiter Nachbohren konnten scheinten unsere fragenden Gesichter unseren Gegen\u00fcber zu ermutigen weiter zu erz\u00e4hlen:<\/p>\n<blockquote><p>Es ist das Internationale Jahr des Waldes. Deshalb war ich heute auf der K\u00f6nigsstrasse und hab Passanten B\u00e4ume geschenkt.<\/p><\/blockquote>\n<h6 style=\"padding-left: 420px;\"><em>(Frei zitiert nach Rapfa)<\/em><\/h6>\n<p>Diese Begebenheit brachte uns dazu \u00fcber den Wald nachzudenken. Und wir merken das wir \u00fcber den Wald wenig wussten. Und als wir nachdachten scho\u00df es uns in den Kopf:<\/p>\n<h2 style=\"padding-left: 60px;\">Wir brauchen ein Jahr des Bieres!<\/h2>\n<p>Wenn das Jahr des Waldes Leute dazu anregt \u00fcber den Wald nachzudenken, dann kann es nur gut sein wenn die Leute anfangen \u00fcber Bier nachzudenken. Denn wie der Wald ist auch Bier ein sch\u00fctzenswertes Kulturgut. Und wir wollen dieses Gut erhalten und hegen und pflegen und zu neuer Gr\u00f6\u00dfe gedeihen lassen.<\/p>\n<p>Die Idee stand also fest, doch wie verwirklicht man so ein Projekt. Hier die Regeln, welchen wir uns selbst unterwerfen:<\/p>\n<ul>\n<li>1 Jahr &#8211; 12 Monate &#8211; 52 Sorten Bier &#8211; (und wir lassen uns daf\u00fcr Zeit)<\/li>\n<li>Wenn das Bier der Woche verf\u00fcgbar ist, hat es Priorit\u00e4t \u00fcber alle anderen Sorten.<\/li>\n<li>Wir w\u00e4hlen nur den reinen Gerstensaft und keine Mischgetr\u00e4nke<\/li>\n<li>Jede Woche hat eine eigene Sorte und es soll keine Dopplungen geben<\/li>\n<\/ul>\n","protected":false},"excerpt":{"rendered":"<p>Eines Abends als wir gem\u00fctlich unseren Feierabend-Umtrunk zu uns nahmen begegnete uns ein guter Freund. Er er\u00f6ffnete uns folgendes: Hey, wollt ihr eine Kiefer oder Rotbuche? V\u00f6llig \u00fcberrschascht fragten wir uns nach dem Grund. Und er entgegnete. Ich war heute &hellip; <a href=\"https:\/\/www.jahrdesbieres.de\/?page_id=38\">Weiterlesen <span class=\"meta-nav\">&rarr;<\/span><\/a><\/p>\n","protected":false},"author":1,"featured_media":0,"parent":0,"menu_order":0,"comment_status":"open","ping_status":"open","template":"","meta":{"footnotes":""},"class_list":["post-38","page","type-page","status-publish","hentry"],"_links":{"self":[{"href":"https:\/\/www.jahrdesbieres.de\/index.php?rest_route=\/wp\/v2\/pages\/38","targetHints":{"allow":["GET"]}}],"collection":[{"href":"https:\/\/www.jahrdesbieres.de\/index.php?rest_route=\/wp\/v2\/pages"}],"about":[{"href":"https:\/\/www.jahrdesbieres.de\/index.php?rest_route=\/wp\/v2\/types\/page"}],"author":[{"embeddable":true,"href":"https:\/\/www.jahrdesbieres.de\/index.php?rest_route=\/wp\/v2\/users\/1"}],"replies":[{"embeddable":true,"href":"https:\/\/www.jahrdesbieres.de\/index.php?rest_route=%2Fwp%2Fv2%2Fcomments&post=38"}],"version-history":[{"count":6,"href":"https:\/\/www.jahrdesbieres.de\/index.php?rest_route=\/wp\/v2\/pages\/38\/revisions"}],"predecessor-version":[{"id":617,"href":"https:\/\/www.jahrdesbieres.de\/index.php?rest_route=\/wp\/v2\/pages\/38\/revisions\/617"}],"wp:attachment":[{"href":"https:\/\/www.jahrdesbieres.de\/index.php?rest_route=%2Fwp%2Fv2%2Fmedia&parent=38"}],"curies":[{"name":"wp","href":"https:\/\/api.w.org\/{rel}","templated":true}]}}