{"id":266,"date":"2011-06-20T16:20:26","date_gmt":"2011-06-20T14:20:26","guid":{"rendered":"http:\/\/jahrdesbieres.de\/?page_id=266"},"modified":"2012-07-12T16:47:21","modified_gmt":"2012-07-12T14:47:21","slug":"details","status":"publish","type":"page","link":"https:\/\/www.jahrdesbieres.de\/?page_id=266","title":{"rendered":"Bier-Ranking im Detail"},"content":{"rendered":"<table border=\"1\">\n<tbody>\n<tr align=\"right\">\n<td><\/td>\n<td style=\"text-align: left;\"><strong>Bier<\/strong><\/td>\n<td style=\"text-align: center;\"><img src='https:\/\/s0.wp.com\/latex.php?latex=%5Cdelta+%5Czeta+&#038;bg=ffffff&#038;fg=000000&#038;s=0' alt='\\delta \\zeta ' title='\\delta \\zeta ' class='latex' \/><\/td>\n<td>ml<\/td>\n<td>ct<\/td>\n<td>%<\/td>\n<td>Bewertung<\/td>\n<\/tr>\n<tr align=\"right\">\n<td>1<\/td>\n<td style=\"text-align: left;\"><a title=\"Woche 8 \u2013 St\u00f6rtebeker \u201c1402\u2033 Kellerbier\" href=\"http:\/\/jahrdesbieres.de\/?p=182\">St\u00f6rtebecker &#8222;1402&#8220; Kellerbier<\/a><\/td>\n<td style=\"text-align: center;\"><strong>158,52<\/strong><\/td>\n<td style=\"text-align: center;\">500<\/td>\n<td style=\"text-align: center;\">74<\/td>\n<td style=\"text-align: center;\">4,9<\/td>\n<td style=\"text-align: center;\">7,5<\/td>\n<\/tr>\n<tr align=\"right\">\n<td>2<\/td>\n<td style=\"text-align: left;\"><a title=\"Woche 13 \u2013 Schwaben Br\u00e4u Das Echte\" href=\"http:\/\/jahrdesbieres.de\/?p=315\">Schwaben Br\u00e4u Das Echte<\/a><\/td>\n<td style=\"text-align: center;\"><strong>147,53<\/strong><\/td>\n<td style=\"text-align: center;\">500<\/td>\n<td style=\"text-align: center;\">70<\/td>\n<td style=\"text-align: center;\">5,7<\/td>\n<td style=\"text-align: center;\">6,5<\/td>\n<\/tr>\n<tr>\n<td style=\"text-align: right;\" rowspan=\"1\" colspan=\"1\">3<\/td>\n<td style=\"text-align: left;\" rowspan=\"1\" colspan=\"1\"><a title=\"Woche 14 \u2013 Bayreuther Bio-Brauer Bio-Weisse\" href=\"http:\/\/jahrdesbieres.de\/?p=326\">Bayreuther Bio-Brauer Bio-Weisse<br \/>\n<\/a><\/td>\n<td style=\"text-align: center;\" rowspan=\"1\" colspan=\"1\"><strong>142,76<br \/>\n<\/strong><\/td>\n<td style=\"text-align: center;\" rowspan=\"1\" colspan=\"1\">500<\/td>\n<td style=\"text-align: center;\" rowspan=\"1\" colspan=\"1\">75<\/td>\n<td style=\"text-align: center;\" rowspan=\"1\" colspan=\"1\">5,0<\/td>\n<td style=\"text-align: center;\" rowspan=\"1\" colspan=\"1\">7<\/td>\n<\/tr>\n<tr>\n<td style=\"text-align: right;\">4<\/td>\n<td style=\"text-align: left;\"><a title=\"Woche 19 \u2013 5,0 Pils\" href=\"http:\/\/jahrdesbieres.de\/?p=397\">5,0 Pils<\/a><\/td>\n<td style=\"text-align: center;\"><strong>132,33 <\/strong><\/td>\n<td style=\"text-align: center;\">500<\/td>\n<td style=\"text-align: center;\">39<\/td>\n<td style=\"text-align: center;\">5,0<\/td>\n<td style=\"text-align: center;\">4,5<\/td>\n<\/tr>\n<tr>\n<td style=\"text-align: right;\">5<\/td>\n<td style=\"text-align: left;\"><a title=\"Woche 23 \u2013 Engel Keller-Hell\" href=\"http:\/\/jahrdesbieres.de\/?p=486\">Engel Keller hell<\/a><\/td>\n<td style=\"text-align: center;\"><strong> 120.13<\/strong><\/td>\n<td style=\"text-align: center;\">500<\/td>\n<td style=\"text-align: center;\">74<\/td>\n<td style=\"text-align: center;\">5,4<\/td>\n<td style=\"text-align: center;\">6<\/td>\n<\/tr>\n<tr>\n<td style=\"text-align: right;\">6<\/td>\n<td style=\"text-align: left;\"><a title=\"Woche 29 \u2013 L\u00f6sch-Zwerg -w\u00fcrzig- Lagerbier\" href=\"http:\/\/jahrdesbieres.de\/?p=546\">L\u00f6sch-Zwerg &#8211; w\u00fcrzig &#8211; Lagerbier<\/a><\/td>\n<td style=\"text-align: center;\"><strong>119.63<\/strong><\/td>\n<td style=\"text-align: center;\">330<\/td>\n<td style=\"text-align: center;\">55<\/td>\n<td style=\"text-align: center;\">5,2<\/td>\n<td style=\"text-align: center;\">6,5<\/td>\n<\/tr>\n<tr>\n<td style=\"text-align: right;\">7<\/td>\n<td style=\"text-align: left;\"><a title=\"Woche 3 \u2013 Alpirsbacher Klosterbr\u00e4u Spezial\" href=\"http:\/\/jahrdesbieres.de\/?p=53\">Alpirsbacher Klosterbr\u00e4u Spezial<\/a><\/td>\n<td style=\"text-align: center;\"><strong>107,85<\/strong><\/td>\n<td style=\"text-align: center;\">500<\/td>\n<td style=\"text-align: center;\">70<\/td>\n<td style=\"text-align: center;\">5,2<\/td>\n<td style=\"text-align: center;\">5,5<\/td>\n<\/tr>\n<tr>\n<td style=\"text-align: right;\">8<\/td>\n<td style=\"text-align: left;\"><a title=\"Woche 7 \u2013 Sanwald Hefeweizen\" href=\"http:\/\/jahrdesbieres.de\/?p=178\">Sanwald Hefeweizen<\/a><\/td>\n<td style=\"text-align: center;\"><strong>104,53<\/strong><\/td>\n<td style=\"text-align: center;\">500<\/td>\n<td style=\"text-align: center;\">70<\/td>\n<td style=\"text-align: center;\">4,9<\/td>\n<td style=\"text-align: center;\">5,5<\/td>\n<\/tr>\n<tr>\n<td style=\"text-align: right;\">9<\/td>\n<td style=\"text-align: left;\"><a title=\"Woche 16 \u2013 Altenm\u00fcnster Brauer Bier\" href=\"http:\/\/jahrdesbieres.de\/?p=372\">Altenm\u00fcnster Urig W\u00fcrzig<\/a><\/td>\n<td style=\"text-align: center;\"><strong>96,69<\/strong><\/td>\n<td style=\"text-align: center;\">500<\/td>\n<td style=\"text-align: center;\">89<\/td>\n<td style=\"text-align: center;\">\u00a04,9<\/td>\n<td style=\"text-align: center;\">6<\/td>\n<\/tr>\n<tr>\n<td style=\"text-align: right;\">10<\/td>\n<td style=\"text-align: left;\"><a title=\"Woche 10 \u2013 Bolten Ur-Alt\" href=\"http:\/\/jahrdesbieres.de\/?p=236\">Bolten Ur-Alt<\/a><\/td>\n<td style=\"text-align: center;\"><strong>95,57<\/strong><\/td>\n<td style=\"text-align: center;\">500<\/td>\n<td style=\"text-align: center;\">89<\/td>\n<td style=\"text-align: center;\">4,8<\/td>\n<td style=\"text-align: center;\">6<\/td>\n<\/tr>\n<tr>\n<td style=\"text-align: right;\">11<\/td>\n<td style=\"text-align: left;\"><a title=\"Woche 32 \u2013 Duckstein\" href=\"http:\/\/jahrdesbieres.de\/?p=638\">Duckstein<\/a><\/td>\n<td style=\"text-align: center;\"><strong>94,61<\/strong><\/td>\n<td style=\"text-align: center;\">500<\/td>\n<td style=\"text-align: center;\">175<\/td>\n<td style=\"text-align: center;\">4,9<\/td>\n<td style=\"text-align: center;\">8,5<\/td>\n<\/tr>\n<tr>\n<td style=\"text-align: right;\">12<\/td>\n<td style=\"text-align: left;\"><a title=\"Woche 27 \u2013 Rockbier\" href=\"http:\/\/jahrdesbieres.de\/?p=521\">Rockbier<\/a><\/td>\n<td style=\"text-align: center;\"><strong>91,43<\/strong><\/td>\n<td style=\"text-align: center;\">330<\/td>\n<td style=\"text-align: center;\">83<\/td>\n<td style=\"text-align: center;\">4,9<\/td>\n<td style=\"text-align: center;\">7<\/td>\n<\/tr>\n<tr>\n<td style=\"text-align: right;\">13<\/td>\n<td style=\"text-align: left;\"><a title=\"Woche 6 \u2013 Haller L\u00f6wenbr\u00e4u Mohrenk\u00f6pfle\" href=\"http:\/\/jahrdesbieres.de\/?p=158\">Haller L\u00f6wenbr\u00e4u Mohrenk\u00f6pfle<\/a><\/td>\n<td style=\"text-align: center;\"><strong>85,84<\/strong><\/td>\n<td style=\"text-align: center;\">330<\/td>\n<td style=\"text-align: center;\">63<\/td>\n<td style=\"text-align: center;\">5,4<\/td>\n<td style=\"text-align: center;\">5,5<\/td>\n<\/tr>\n<tr>\n<td style=\"text-align: right;\">14<\/td>\n<td style=\"text-align: left;\"><a title=\"Woche 9 \u2013 Kauzen-Br\u00e4u K\u00e4uzle\" href=\"http:\/\/jahrdesbieres.de\/?p=233\">Kauzen-Br\u00e4u K\u00e4uzle<\/a><\/td>\n<td style=\"text-align: center;\"><strong>82,35<\/strong><\/td>\n<td style=\"text-align: center;\">330<\/td>\n<td style=\"text-align: center;\">60<\/td>\n<td style=\"text-align: center;\">4,8<\/td>\n<td style=\"text-align: center;\">5,5<\/td>\n<\/tr>\n<tr>\n<td style=\"text-align: right;\">15<\/td>\n<td style=\"text-align: left;\"><a title=\"Woche 17 \u2013 Augustiner Edelstoff\" href=\"http:\/\/jahrdesbieres.de\/?p=383\">Augustiner Edelstoff<\/a><\/td>\n<td style=\"text-align: center;\"><strong>81,14<\/strong><\/td>\n<td style=\"text-align: center;\">500<\/td>\n<td style=\"text-align: center;\">89<\/td>\n<td style=\"text-align: center;\">5,6<\/td>\n<td style=\"text-align: center;\">5<\/td>\n<\/tr>\n<tr>\n<td style=\"text-align: right;\">16<\/td>\n<td style=\"text-align: left;\"><a title=\"Woche 21 \u2013 Wulle\" href=\"http:\/\/jahrdesbieres.de\/?p=463\">Wulle<\/a><\/td>\n<td style=\"text-align: center;\"><strong>81,00<\/strong><\/td>\n<td style=\"text-align: center;\">330<\/td>\n<td style=\"text-align: center;\">63<\/td>\n<td style=\"text-align: center;\">5,0<\/td>\n<td style=\"text-align: center;\">5,5<\/td>\n<\/tr>\n<tr>\n<td style=\"text-align: right;\">\u00a017<\/td>\n<td style=\"text-align: left;\"><a title=\"Woche 5 \u2013 San Miguel\" href=\"http:\/\/jahrdesbieres.de\/?p=103\">San Miguel<\/a><\/td>\n<td style=\"text-align: center;\"><strong>76,97<\/strong><\/td>\n<td style=\"text-align: center;\">\u00a0330<\/td>\n<td style=\"text-align: center;\">67<\/td>\n<td style=\"text-align: center;\">5,0<\/td>\n<td style=\"text-align: center;\">5,5<\/td>\n<\/tr>\n<tr>\n<td style=\"text-align: right;\">18<\/td>\n<td style=\"text-align: left;\"><a title=\"Woche 22 \u2013 Eichbaum Export\" href=\"http:\/\/jahrdesbieres.de\/?p=472\">Eichbaum Export<\/a><\/td>\n<td style=\"text-align: center;\"><strong>62,79<\/strong><\/td>\n<td style=\"text-align: center;\">500<\/td>\n<td style=\"text-align: center;\">62<\/td>\n<td style=\"text-align: center;\">5,5<\/td>\n<td style=\"text-align: center;\">3<\/td>\n<\/tr>\n<tr>\n<td style=\"text-align: right;\">19<\/td>\n<td style=\"text-align: left;\"><a title=\"Woche 2 \u2013 Diebels Alt\" href=\"http:\/\/jahrdesbieres.de\/?p=51\">Diebels Alt<\/a><\/td>\n<td style=\"text-align: center;\"><strong>56,58<\/strong><\/td>\n<td style=\"text-align: center;\">330<\/td>\n<td style=\"text-align: center;\">54<\/td>\n<td style=\"text-align: center;\">4,9<\/td>\n<td style=\"text-align: center;\">4<\/td>\n<\/tr>\n<tr>\n<td style=\"text-align: right;\">20<\/td>\n<td style=\"text-align: left;\"><a title=\"Woche 12 \u2013 The Legendary Duff (Bierpate: Sven)\" href=\"http:\/\/jahrdesbieres.de\/?p=296\">The Legendary Duff<\/a><\/td>\n<td style=\"text-align: center;\"><strong>55,19<\/strong><\/td>\n<td style=\"text-align: center;\">330<\/td>\n<td style=\"text-align: center;\">83<\/td>\n<td style=\"text-align: center;\">4,9<\/td>\n<td style=\"text-align: center;\">5<\/td>\n<\/tr>\n<tr>\n<td style=\"text-align: right;\">21<\/td>\n<td style=\"text-align: left;\"><a title=\"Woche 30 \u2013 Pilsner Urquell\" href=\"http:\/\/jahrdesbieres.de\/?p=567\">Pilsner Urquell<\/a><\/td>\n<td style=\"text-align: center;\"><strong> 52,98<\/strong><\/td>\n<td style=\"text-align: center;\">330<\/td>\n<td style=\"text-align: center;\">67<\/td>\n<td style=\"text-align: center;\">4,4<\/td>\n<td style=\"text-align: center;\">4,5<\/td>\n<\/tr>\n<tr>\n<td style=\"text-align: right;\">22<\/td>\n<td style=\"text-align: left;\"><a title=\"Woche 4 \u2013 Kilkenny\" href=\"http:\/\/jahrdesbieres.de\/?p=55\">Kilkenny<\/a><\/td>\n<td style=\"text-align: center;\"><strong>52,45<\/strong><\/td>\n<td style=\"text-align: center;\">330<\/td>\n<td style=\"text-align: center;\">93<\/td>\n<td style=\"text-align: center;\">4,2<\/td>\n<td style=\"text-align: center;\">5,5<\/td>\n<\/tr>\n<tr>\n<td style=\"text-align: right;\">\u00a023<\/td>\n<td style=\"text-align: left;\"><a title=\"Woche 15 \u2013 Efes Pilsen\" href=\"http:\/\/jahrdesbieres.de\/?p=363\">Efes Pilsen<\/a><\/td>\n<td style=\"text-align: center;\"><strong>47,09<\/strong><\/td>\n<td style=\"text-align: center;\">330<\/td>\n<td style=\"text-align: center;\">67<\/td>\n<td style=\"text-align: center;\">4,9<\/td>\n<td style=\"text-align: center;\">\u00a04<\/td>\n<\/tr>\n<tr>\n<td style=\"text-align: right;\">24<\/td>\n<td style=\"text-align: left;\"><a title=\"Woche 11 \u2013 Hilsenbecks Gruibinger Sommerbier\" href=\"http:\/\/jahrdesbieres.de\/?p=290\">Hilsenbecks Gruibinger Sommerbier<\/a><\/td>\n<td style=\"text-align: center;\"><strong>21,19<\/strong><\/td>\n<td style=\"text-align: center;\">500<\/td>\n<td style=\"text-align: center;\">75<\/td>\n<td style=\"text-align: center;\">4,9<\/td>\n<td style=\"text-align: center;\">2,5<\/td>\n<\/tr>\n<tr>\n<td style=\"text-align: right;\">25<\/td>\n<td style=\"text-align: left;\"><a title=\"Woche 1 \u2013 Beck\u2019s\" href=\"http:\/\/jahrdesbieres.de\/?p=49\">Beck&#8217;s<\/a><\/td>\n<td style=\"text-align: center;\"><strong>17,30<\/strong><\/td>\n<td style=\"text-align: center;\">500<\/td>\n<td style=\"text-align: center;\">97<\/td>\n<td style=\"text-align: center;\">4,9<\/td>\n<td style=\"text-align: center;\">2<\/td>\n<\/tr>\n<\/tbody>\n<\/table>\n","protected":false},"excerpt":{"rendered":"<p>Bier ml ct % Bewertung 1 St\u00f6rtebecker &#8222;1402&#8220; Kellerbier 158,52 500 74 4,9 7,5 2 Schwaben Br\u00e4u Das Echte 147,53 500 70 5,7 6,5 3 Bayreuther Bio-Brauer Bio-Weisse 142,76 500 75 5,0 7 4 5,0 Pils 132,33 500 39 5,0 &hellip; <a href=\"https:\/\/www.jahrdesbieres.de\/?page_id=266\">Weiterlesen <span class=\"meta-nav\">&rarr;<\/span><\/a><\/p>\n","protected":false},"author":3,"featured_media":0,"parent":131,"menu_order":0,"comment_status":"open","ping_status":"open","template":"","meta":{"footnotes":""},"class_list":["post-266","page","type-page","status-publish","hentry"],"_links":{"self":[{"href":"https:\/\/www.jahrdesbieres.de\/index.php?rest_route=\/wp\/v2\/pages\/266","targetHints":{"allow":["GET"]}}],"collection":[{"href":"https:\/\/www.jahrdesbieres.de\/index.php?rest_route=\/wp\/v2\/pages"}],"about":[{"href":"https:\/\/www.jahrdesbieres.de\/index.php?rest_route=\/wp\/v2\/types\/page"}],"author":[{"embeddable":true,"href":"https:\/\/www.jahrdesbieres.de\/index.php?rest_route=\/wp\/v2\/users\/3"}],"replies":[{"embeddable":true,"href":"https:\/\/www.jahrdesbieres.de\/index.php?rest_route=%2Fwp%2Fv2%2Fcomments&post=266"}],"version-history":[{"count":18,"href":"https:\/\/www.jahrdesbieres.de\/index.php?rest_route=\/wp\/v2\/pages\/266\/revisions"}],"predecessor-version":[{"id":687,"href":"https:\/\/www.jahrdesbieres.de\/index.php?rest_route=\/wp\/v2\/pages\/266\/revisions\/687"}],"up":[{"embeddable":true,"href":"https:\/\/www.jahrdesbieres.de\/index.php?rest_route=\/wp\/v2\/pages\/131"}],"wp:attachment":[{"href":"https:\/\/www.jahrdesbieres.de\/index.php?rest_route=%2Fwp%2Fv2%2Fmedia&parent=266"}],"curies":[{"name":"wp","href":"https:\/\/api.w.org\/{rel}","templated":true}]}}