{"id":131,"date":"2011-05-12T15:23:10","date_gmt":"2011-05-12T13:23:10","guid":{"rendered":"http:\/\/jahrdesbieres.de\/?page_id=131"},"modified":"2011-11-26T19:33:18","modified_gmt":"2011-11-26T18:33:18","slug":"bier-ranking","status":"publish","type":"page","link":"https:\/\/www.jahrdesbieres.de\/?page_id=131","title":{"rendered":"Bier-Ranking"},"content":{"rendered":"<p>Die folgende Rangliste gibt die Bewertung aller bisher getrunkener Biersorten in <a title=\"Der DZ-Faktor\" href=\"http:\/\/jahrdesbieres.de\/?p=71\"><img src='https:\/\/s0.wp.com\/latex.php?latex=%5Cdelta+%5Czeta&#038;bg=ffffff&#038;fg=000000&#038;s=0' alt='\\delta \\zeta' title='\\delta \\zeta' class='latex' \/><\/a> (siehe <a title=\"Der DZ-Faktor\" href=\"http:\/\/jahrdesbieres.de\/?p=71\">DZ-Faktor<\/a>) wieder.<\/p>\n<ol>\n<li><a title=\"Woche 8 \u2013 St\u00f6rtebeker \u201c1402\u2033 Kellerbier\" href=\"http:\/\/jahrdesbieres.de\/?p=182\">St\u00f6rtebecker &#8222;1402&#8220; Kellerbier<\/a> (158,52)<\/li>\n<li><a title=\"Woche 13 \u2013 Schwaben Br\u00e4u Das Echte\" href=\"http:\/\/jahrdesbieres.de\/?p=315\">Schwaben Br\u00e4u Das Echte<\/a> (147.53)<\/li>\n<li><a title=\"Woche 14 \u2013 Bayreuther Bio-Brauer Bio-Weisse\" href=\"http:\/\/jahrdesbieres.de\/?p=326\">Bayreuther Bio-Brauer Bio-Weisse<\/a> (142,76)<\/li>\n<li><a title=\"Woche 19 \u2013 5,0 Pils\" href=\"http:\/\/jahrdesbieres.de\/?p=397\">5,0 Pils<\/a> (132,33)<\/li>\n<li><a title=\"Woche 23 \u2013 Engel Keller-Hell\" href=\"http:\/\/jahrdesbieres.de\/?p=486\">Engel Keller-Hell<\/a> (120,13)<\/li>\n<li><a title=\"Woche 29 \u2013 L\u00f6sch-Zwerg -w\u00fcrzig- Lagerbier\" href=\"http:\/\/jahrdesbieres.de\/?p=546\">L\u00f6sch-Zwerg w\u00fcrzig<\/a> (119,63)<\/li>\n<li><a title=\"Woche 3 \u2013 Alpirsbacher Klosterbr\u00e4u Spezial\" href=\"http:\/\/jahrdesbieres.de\/?p=53\">Alpirsbacher Klosterbr\u00e4u Spezial<\/a> (107,85)<\/li>\n<li><a title=\"Woche 7 \u2013 Sanwald Hefeweizen\" href=\"http:\/\/jahrdesbieres.de\/?p=178\">Sanwald Hefeweizen<\/a> (104,53)<\/li>\n<li><a title=\"Woche 16 \u2013 Altenm\u00fcnster Brauer Bier\" href=\"http:\/\/jahrdesbieres.de\/?p=372\">Altenm\u00fcnster Urig W\u00fcrzig<\/a> (96,69)<\/li>\n<li><a title=\"Woche 10 \u2013 Bolten Ur-Alt\" href=\"http:\/\/jahrdesbieres.de\/?p=236\">Bolten Ur-Alt<\/a> (95,57)<\/li>\n<li><a title=\"Woche 27 \u2013 Rockbier\" href=\"http:\/\/jahrdesbieres.de\/?p=521\">Rockbier<\/a> (91,43)<\/li>\n<li><a title=\"Woche 6 \u2013 Haller L\u00f6wenbr\u00e4u Mohrenk\u00f6pfle\" href=\"http:\/\/jahrdesbieres.de\/?p=158\">Haller L\u00f6wenbr\u00e4u Mohrenk\u00f6pfle<\/a> (85,84)<\/li>\n<li><a title=\"Woche 9 \u2013 Kauzen-Br\u00e4u K\u00e4uzle\" href=\"http:\/\/jahrdesbieres.de\/?p=233\">Kauzen-Br\u00e4u K\u00e4uzle <\/a>(82,35)<\/li>\n<li><a title=\"Woche 17 \u2013 Augustiner Edelstoff\" href=\"http:\/\/jahrdesbieres.de\/?p=383\">Augustiner Edelstoff<\/a> (81,14)<\/li>\n<li><a title=\"Woche 21 \u2013 Wulle\" href=\"http:\/\/jahrdesbieres.de\/?p=463\">Wulle<\/a> (81,00)<\/li>\n<li><a title=\"Woche 5- San Miguel\" href=\"http:\/\/jahrdesbieres.de\/?p=103\">San Miguel <\/a>(76,97)<\/li>\n<li><a title=\"Woche 22 \u2013 Eichbaum Export\" href=\"http:\/\/jahrdesbieres.de\/?p=472\">Eichbaum Export<\/a> (62,79)<\/li>\n<li><a title=\"Woche 2 \u2013 Diebels Alt\" href=\"http:\/\/jahrdesbieres.de\/?p=51\">Diebels Alt<\/a> (56,58)<\/li>\n<li><a title=\"Woche 12 \u2013 The Legendary Duff (Bierpate: Sven Steiner)\" href=\"http:\/\/jahrdesbieres.de\/?p=296\">The Legendary Duff<\/a> (55,19)<\/li>\n<li><a title=\"Woche 30 \u2013 Pilsner Urquell\" href=\"http:\/\/jahrdesbieres.de\/?p=567\">Pilsner Urquell<\/a> (52,98)<\/li>\n<li><a title=\"Woche 4 \u2013 Kilkenny\" href=\"http:\/\/jahrdesbieres.de\/?p=55\">Kilkenny<\/a> (52,45)<\/li>\n<li><a title=\"Woche 15 \u2013 Efes Pilsen\" href=\"http:\/\/jahrdesbieres.de\/?p=363\">Efes Pilsen<\/a> (47,09)<\/li>\n<li><a title=\"Woche 11 \u2013 Hilsenbecks Gruibinger Sommerbier\" href=\"http:\/\/jahrdesbieres.de\/?p=290\">Hilsenbecks Gruibinger Sommerbier<\/a> (21,19)<\/li>\n<li><a title=\"Woche 1 \u2013 Beck\u2019s\" href=\"http:\/\/jahrdesbieres.de\/?p=49\">Beck&#8217;s<\/a> (17,30)<\/li>\n<\/ol>\n","protected":false},"excerpt":{"rendered":"<p>Die folgende Rangliste gibt die Bewertung aller bisher getrunkener Biersorten in (siehe DZ-Faktor) wieder. St\u00f6rtebecker &#8222;1402&#8220; Kellerbier (158,52) Schwaben Br\u00e4u Das Echte (147.53) Bayreuther Bio-Brauer Bio-Weisse (142,76) 5,0 Pils (132,33) Engel Keller-Hell (120,13) L\u00f6sch-Zwerg w\u00fcrzig (119,63) Alpirsbacher Klosterbr\u00e4u Spezial (107,85) &hellip; <a href=\"https:\/\/www.jahrdesbieres.de\/?page_id=131\">Weiterlesen <span class=\"meta-nav\">&rarr;<\/span><\/a><\/p>\n","protected":false},"author":3,"featured_media":0,"parent":0,"menu_order":2,"comment_status":"open","ping_status":"open","template":"","meta":{"footnotes":""},"class_list":["post-131","page","type-page","status-publish","hentry"],"_links":{"self":[{"href":"https:\/\/www.jahrdesbieres.de\/index.php?rest_route=\/wp\/v2\/pages\/131","targetHints":{"allow":["GET"]}}],"collection":[{"href":"https:\/\/www.jahrdesbieres.de\/index.php?rest_route=\/wp\/v2\/pages"}],"about":[{"href":"https:\/\/www.jahrdesbieres.de\/index.php?rest_route=\/wp\/v2\/types\/page"}],"author":[{"embeddable":true,"href":"https:\/\/www.jahrdesbieres.de\/index.php?rest_route=\/wp\/v2\/users\/3"}],"replies":[{"embeddable":true,"href":"https:\/\/www.jahrdesbieres.de\/index.php?rest_route=%2Fwp%2Fv2%2Fcomments&post=131"}],"version-history":[{"count":24,"href":"https:\/\/www.jahrdesbieres.de\/index.php?rest_route=\/wp\/v2\/pages\/131\/revisions"}],"predecessor-version":[{"id":575,"href":"https:\/\/www.jahrdesbieres.de\/index.php?rest_route=\/wp\/v2\/pages\/131\/revisions\/575"}],"wp:attachment":[{"href":"https:\/\/www.jahrdesbieres.de\/index.php?rest_route=%2Fwp%2Fv2%2Fmedia&parent=131"}],"curies":[{"name":"wp","href":"https:\/\/api.w.org\/{rel}","templated":true}]}}